{"id":1457,"date":"2025-04-22T05:30:17","date_gmt":"2025-04-22T05:30:17","guid":{"rendered":"https:\/\/www.au-pair.com\/info\/"},"modified":"2025-05-20T07:10:23","modified_gmt":"2025-05-20T07:10:23","slug":"nformacion-au-pair","status":"publish","type":"page","link":"https:\/\/www.au-pair.com\/es\/nformacion-au-pair\/","title":{"rendered":"Info"},"content":{"rendered":"","protected":false},"excerpt":{"rendered":"","protected":false},"author":1,"featured_media":0,"parent":0,"menu_order":0,"comment_status":"closed","ping_status":"closed","template":"service-page.php","meta":{"footnotes":""},"class_list":["post-1457","page","type-page","status-publish","hentry","entry"],"acf":[],"yoast_head":"<!-- This site is optimized with the Yoast SEO Premium plugin v26.2 (Yoast SEO v27.4) - https:\/\/yoast.com\/product\/yoast-seo-premium-wordpress\/ -->\n<title>Informaci\u00f3n, requisitos y reglas de los programas Au Pair<\/title>\n<meta name=\"description\" content=\"Obtenga aqu\u00ed toda la informaci\u00f3n relevante sobre la estad\u00eda Au Pair. Los requisitos, el procedimiento de solicitud y los costos del programa.\" \/>\n<meta name=\"robots\" content=\"index, follow, max-snippet:-1, max-image-preview:large, max-video-preview:-1\" \/>\n<link rel=\"canonical\" href=\"https:\/\/www.au-pair.com\/es\/nformacion-au-pair\/\" \/>\n<meta property=\"og:locale\" content=\"es_ES\" \/>\n<meta property=\"og:type\" content=\"article\" \/>\n<meta property=\"og:title\" content=\"Info\" \/>\n<meta property=\"og:description\" content=\"Obtenga aqu\u00ed toda la informaci\u00f3n relevante sobre la estad\u00eda Au Pair. Los requisitos, el procedimiento de solicitud y los costos del programa.\" \/>\n<meta property=\"og:url\" content=\"https:\/\/www.au-pair.com\/es\/nformacion-au-pair\/\" \/>\n<meta property=\"og:site_name\" content=\"au-pair\" \/>\n<meta property=\"article:modified_time\" content=\"2025-05-20T07:10:23+00:00\" \/>\n<meta name=\"twitter:card\" content=\"summary_large_image\" \/>\n<script type=\"application\/ld+json\" class=\"yoast-schema-graph\">{\"@context\":\"https:\\\/\\\/schema.org\",\"@graph\":[{\"@type\":\"WebPage\",\"@id\":\"https:\\\/\\\/www.au-pair.com\\\/es\\\/nformacion-au-pair\\\/\",\"url\":\"https:\\\/\\\/www.au-pair.com\\\/es\\\/nformacion-au-pair\\\/\",\"name\":\"Informaci\u00f3n, requisitos y reglas de los programas Au Pair\",\"isPartOf\":{\"@id\":\"https:\\\/\\\/www.au-pair.com\\\/es\\\/#website\"},\"datePublished\":\"2025-04-22T05:30:17+00:00\",\"dateModified\":\"2025-05-20T07:10:23+00:00\",\"description\":\"Obtenga aqu\u00ed toda la informaci\u00f3n relevante sobre la estad\u00eda Au Pair. Los requisitos, el procedimiento de solicitud y los costos del programa.\",\"breadcrumb\":{\"@id\":\"https:\\\/\\\/www.au-pair.com\\\/es\\\/nformacion-au-pair\\\/#breadcrumb\"},\"inLanguage\":\"es\",\"potentialAction\":[{\"@type\":\"ReadAction\",\"target\":[\"https:\\\/\\\/www.au-pair.com\\\/es\\\/nformacion-au-pair\\\/\"]}]},{\"@type\":\"BreadcrumbList\",\"@id\":\"https:\\\/\\\/www.au-pair.com\\\/es\\\/nformacion-au-pair\\\/#breadcrumb\",\"itemListElement\":[{\"@type\":\"ListItem\",\"position\":1,\"name\":\"Startseite\",\"item\":\"https:\\\/\\\/www.au-pair.com\\\/es\\\/\"},{\"@type\":\"ListItem\",\"position\":2,\"name\":\"Info\"}]},{\"@type\":\"WebSite\",\"@id\":\"https:\\\/\\\/www.au-pair.com\\\/es\\\/#website\",\"url\":\"https:\\\/\\\/www.au-pair.com\\\/es\\\/\",\"name\":\"au-pair\",\"description\":\"\",\"publisher\":{\"@id\":\"https:\\\/\\\/www.au-pair.com\\\/es\\\/#organization\"},\"potentialAction\":[{\"@type\":\"SearchAction\",\"target\":{\"@type\":\"EntryPoint\",\"urlTemplate\":\"https:\\\/\\\/www.au-pair.com\\\/es\\\/?s={search_term_string}\"},\"query-input\":{\"@type\":\"PropertyValueSpecification\",\"valueRequired\":true,\"valueName\":\"search_term_string\"}}],\"inLanguage\":\"es\"},{\"@type\":\"Organization\",\"@id\":\"https:\\\/\\\/www.au-pair.com\\\/es\\\/#organization\",\"name\":\"au-pair\",\"url\":\"https:\\\/\\\/www.au-pair.com\\\/es\\\/\",\"logo\":{\"@type\":\"ImageObject\",\"inLanguage\":\"es\",\"@id\":\"https:\\\/\\\/www.au-pair.com\\\/es\\\/#\\\/schema\\\/logo\\\/image\\\/\",\"url\":\"https:\\\/\\\/www.au-pair.com\\\/wp-content\\\/uploads\\\/2025\\\/04\\\/Au-Pair.png\",\"contentUrl\":\"https:\\\/\\\/www.au-pair.com\\\/wp-content\\\/uploads\\\/2025\\\/04\\\/Au-Pair.png\",\"width\":910,\"height\":164,\"caption\":\"au-pair\"},\"image\":{\"@id\":\"https:\\\/\\\/www.au-pair.com\\\/es\\\/#\\\/schema\\\/logo\\\/image\\\/\"}}]}<\/script>\n<!-- \/ Yoast SEO Premium plugin. -->","yoast_head_json":{"title":"Informaci\u00f3n, requisitos y reglas de los programas Au Pair","description":"Obtenga aqu\u00ed toda la informaci\u00f3n relevante sobre la estad\u00eda Au Pair. Los requisitos, el procedimiento de solicitud y los costos del programa.","robots":{"index":"index","follow":"follow","max-snippet":"max-snippet:-1","max-image-preview":"max-image-preview:large","max-video-preview":"max-video-preview:-1"},"canonical":"https:\/\/www.au-pair.com\/es\/nformacion-au-pair\/","og_locale":"es_ES","og_type":"article","og_title":"Info","og_description":"Obtenga aqu\u00ed toda la informaci\u00f3n relevante sobre la estad\u00eda Au Pair. Los requisitos, el procedimiento de solicitud y los costos del programa.","og_url":"https:\/\/www.au-pair.com\/es\/nformacion-au-pair\/","og_site_name":"au-pair","article_modified_time":"2025-05-20T07:10:23+00:00","twitter_card":"summary_large_image","schema":{"@context":"https:\/\/schema.org","@graph":[{"@type":"WebPage","@id":"https:\/\/www.au-pair.com\/es\/nformacion-au-pair\/","url":"https:\/\/www.au-pair.com\/es\/nformacion-au-pair\/","name":"Informaci\u00f3n, requisitos y reglas de los programas Au Pair","isPartOf":{"@id":"https:\/\/www.au-pair.com\/es\/#website"},"datePublished":"2025-04-22T05:30:17+00:00","dateModified":"2025-05-20T07:10:23+00:00","description":"Obtenga aqu\u00ed toda la informaci\u00f3n relevante sobre la estad\u00eda Au Pair. Los requisitos, el procedimiento de solicitud y los costos del programa.","breadcrumb":{"@id":"https:\/\/www.au-pair.com\/es\/nformacion-au-pair\/#breadcrumb"},"inLanguage":"es","potentialAction":[{"@type":"ReadAction","target":["https:\/\/www.au-pair.com\/es\/nformacion-au-pair\/"]}]},{"@type":"BreadcrumbList","@id":"https:\/\/www.au-pair.com\/es\/nformacion-au-pair\/#breadcrumb","itemListElement":[{"@type":"ListItem","position":1,"name":"Startseite","item":"https:\/\/www.au-pair.com\/es\/"},{"@type":"ListItem","position":2,"name":"Info"}]},{"@type":"WebSite","@id":"https:\/\/www.au-pair.com\/es\/#website","url":"https:\/\/www.au-pair.com\/es\/","name":"au-pair","description":"","publisher":{"@id":"https:\/\/www.au-pair.com\/es\/#organization"},"potentialAction":[{"@type":"SearchAction","target":{"@type":"EntryPoint","urlTemplate":"https:\/\/www.au-pair.com\/es\/?s={search_term_string}"},"query-input":{"@type":"PropertyValueSpecification","valueRequired":true,"valueName":"search_term_string"}}],"inLanguage":"es"},{"@type":"Organization","@id":"https:\/\/www.au-pair.com\/es\/#organization","name":"au-pair","url":"https:\/\/www.au-pair.com\/es\/","logo":{"@type":"ImageObject","inLanguage":"es","@id":"https:\/\/www.au-pair.com\/es\/#\/schema\/logo\/image\/","url":"https:\/\/www.au-pair.com\/wp-content\/uploads\/2025\/04\/Au-Pair.png","contentUrl":"https:\/\/www.au-pair.com\/wp-content\/uploads\/2025\/04\/Au-Pair.png","width":910,"height":164,"caption":"au-pair"},"image":{"@id":"https:\/\/www.au-pair.com\/es\/#\/schema\/logo\/image\/"}}]}},"_links":{"self":[{"href":"https:\/\/www.au-pair.com\/es\/wp-json\/wp\/v2\/pages\/1457","targetHints":{"allow":["GET"]}}],"collection":[{"href":"https:\/\/www.au-pair.com\/es\/wp-json\/wp\/v2\/pages"}],"about":[{"href":"https:\/\/www.au-pair.com\/es\/wp-json\/wp\/v2\/types\/page"}],"author":[{"embeddable":true,"href":"https:\/\/www.au-pair.com\/es\/wp-json\/wp\/v2\/users\/1"}],"replies":[{"embeddable":true,"href":"https:\/\/www.au-pair.com\/es\/wp-json\/wp\/v2\/comments?post=1457"}],"version-history":[{"count":12,"href":"https:\/\/www.au-pair.com\/es\/wp-json\/wp\/v2\/pages\/1457\/revisions"}],"predecessor-version":[{"id":5882,"href":"https:\/\/www.au-pair.com\/es\/wp-json\/wp\/v2\/pages\/1457\/revisions\/5882"}],"wp:attachment":[{"href":"https:\/\/www.au-pair.com\/es\/wp-json\/wp\/v2\/media?parent=1457"}],"curies":[{"name":"wp","href":"https:\/\/api.w.org\/{rel}","templated":true}]}}