{"id":698,"date":"2025-04-21T11:54:55","date_gmt":"2025-04-21T11:54:55","guid":{"rendered":"https:\/\/www.au-pair.com\/gastfamilien\/"},"modified":"2025-05-22T11:18:59","modified_gmt":"2025-05-22T11:18:59","slug":"ser-familia-anfitriona","status":"publish","type":"page","link":"https:\/\/www.au-pair.com\/es\/ser-familia-anfitriona\/","title":{"rendered":"Ser una familia anfitriona"},"content":{"rendered":"","protected":false},"excerpt":{"rendered":"","protected":false},"author":1,"featured_media":0,"parent":0,"menu_order":0,"comment_status":"closed","ping_status":"open","template":"service-page.php","meta":{"footnotes":""},"class_list":["post-698","page","type-page","status-publish","hentry","entry"],"acf":[],"yoast_head":"<!-- This site is optimized with the Yoast SEO Premium plugin v26.2 (Yoast SEO v27.3) - https:\/\/yoast.com\/product\/yoast-seo-premium-wordpress\/ -->\n<title>Convertirse en una familia anfitriona: Con o sin agencia<\/title>\n<meta name=\"description\" content=\"\u00bfBusca una soluci\u00f3n de cuidado de ni\u00f1os flexible y asequible? Entonces deber\u00eda considerar ser una familia anfitriona! Descubre c\u00f3mo alojar una Au Pair con o sin agencia.\" \/>\n<meta name=\"robots\" content=\"index, follow, max-snippet:-1, max-image-preview:large, max-video-preview:-1\" \/>\n<link rel=\"canonical\" href=\"https:\/\/www.au-pair.com\/es\/ser-familia-anfitriona\/\" \/>\n<meta property=\"og:locale\" content=\"es_ES\" \/>\n<meta property=\"og:type\" content=\"article\" \/>\n<meta property=\"og:title\" content=\"Ser una familia anfitriona\" \/>\n<meta property=\"og:description\" content=\"\u00bfBusca una soluci\u00f3n de cuidado de ni\u00f1os flexible y asequible? Entonces deber\u00eda considerar ser una familia anfitriona! Descubre c\u00f3mo alojar una Au Pair con o sin agencia.\" \/>\n<meta property=\"og:url\" content=\"https:\/\/www.au-pair.com\/es\/ser-familia-anfitriona\/\" \/>\n<meta property=\"og:site_name\" content=\"au-pair\" \/>\n<meta property=\"article:modified_time\" content=\"2025-05-22T11:18:59+00:00\" \/>\n<meta name=\"twitter:card\" content=\"summary_large_image\" \/>\n<script type=\"application\/ld+json\" class=\"yoast-schema-graph\">{\"@context\":\"https:\\\/\\\/schema.org\",\"@graph\":[{\"@type\":\"WebPage\",\"@id\":\"https:\\\/\\\/www.au-pair.com\\\/es\\\/ser-familia-anfitriona\\\/\",\"url\":\"https:\\\/\\\/www.au-pair.com\\\/es\\\/ser-familia-anfitriona\\\/\",\"name\":\"Convertirse en una familia anfitriona: Con o sin agencia\",\"isPartOf\":{\"@id\":\"https:\\\/\\\/www.au-pair.com\\\/es\\\/#website\"},\"datePublished\":\"2025-04-21T11:54:55+00:00\",\"dateModified\":\"2025-05-22T11:18:59+00:00\",\"description\":\"\u00bfBusca una soluci\u00f3n de cuidado de ni\u00f1os flexible y asequible? Entonces deber\u00eda considerar ser una familia anfitriona! Descubre c\u00f3mo alojar una Au Pair con o sin agencia.\",\"breadcrumb\":{\"@id\":\"https:\\\/\\\/www.au-pair.com\\\/es\\\/ser-familia-anfitriona\\\/#breadcrumb\"},\"inLanguage\":\"es\",\"potentialAction\":[{\"@type\":\"ReadAction\",\"target\":[\"https:\\\/\\\/www.au-pair.com\\\/es\\\/ser-familia-anfitriona\\\/\"]}]},{\"@type\":\"BreadcrumbList\",\"@id\":\"https:\\\/\\\/www.au-pair.com\\\/es\\\/ser-familia-anfitriona\\\/#breadcrumb\",\"itemListElement\":[{\"@type\":\"ListItem\",\"position\":1,\"name\":\"Startseite\",\"item\":\"https:\\\/\\\/www.au-pair.com\\\/es\\\/\"},{\"@type\":\"ListItem\",\"position\":2,\"name\":\"Ser una familia anfitriona\"}]},{\"@type\":\"WebSite\",\"@id\":\"https:\\\/\\\/www.au-pair.com\\\/es\\\/#website\",\"url\":\"https:\\\/\\\/www.au-pair.com\\\/es\\\/\",\"name\":\"au-pair\",\"description\":\"\",\"publisher\":{\"@id\":\"https:\\\/\\\/www.au-pair.com\\\/es\\\/#organization\"},\"potentialAction\":[{\"@type\":\"SearchAction\",\"target\":{\"@type\":\"EntryPoint\",\"urlTemplate\":\"https:\\\/\\\/www.au-pair.com\\\/es\\\/?s={search_term_string}\"},\"query-input\":{\"@type\":\"PropertyValueSpecification\",\"valueRequired\":true,\"valueName\":\"search_term_string\"}}],\"inLanguage\":\"es\"},{\"@type\":\"Organization\",\"@id\":\"https:\\\/\\\/www.au-pair.com\\\/es\\\/#organization\",\"name\":\"au-pair\",\"url\":\"https:\\\/\\\/www.au-pair.com\\\/es\\\/\",\"logo\":{\"@type\":\"ImageObject\",\"inLanguage\":\"es\",\"@id\":\"https:\\\/\\\/www.au-pair.com\\\/es\\\/#\\\/schema\\\/logo\\\/image\\\/\",\"url\":\"https:\\\/\\\/www.au-pair.com\\\/wp-content\\\/uploads\\\/2025\\\/04\\\/Au-Pair.png\",\"contentUrl\":\"https:\\\/\\\/www.au-pair.com\\\/wp-content\\\/uploads\\\/2025\\\/04\\\/Au-Pair.png\",\"width\":910,\"height\":164,\"caption\":\"au-pair\"},\"image\":{\"@id\":\"https:\\\/\\\/www.au-pair.com\\\/es\\\/#\\\/schema\\\/logo\\\/image\\\/\"}}]}<\/script>\n<!-- \/ Yoast SEO Premium plugin. -->","yoast_head_json":{"title":"Convertirse en una familia anfitriona: Con o sin agencia","description":"\u00bfBusca una soluci\u00f3n de cuidado de ni\u00f1os flexible y asequible? Entonces deber\u00eda considerar ser una familia anfitriona! Descubre c\u00f3mo alojar una Au Pair con o sin agencia.","robots":{"index":"index","follow":"follow","max-snippet":"max-snippet:-1","max-image-preview":"max-image-preview:large","max-video-preview":"max-video-preview:-1"},"canonical":"https:\/\/www.au-pair.com\/es\/ser-familia-anfitriona\/","og_locale":"es_ES","og_type":"article","og_title":"Ser una familia anfitriona","og_description":"\u00bfBusca una soluci\u00f3n de cuidado de ni\u00f1os flexible y asequible? Entonces deber\u00eda considerar ser una familia anfitriona! Descubre c\u00f3mo alojar una Au Pair con o sin agencia.","og_url":"https:\/\/www.au-pair.com\/es\/ser-familia-anfitriona\/","og_site_name":"au-pair","article_modified_time":"2025-05-22T11:18:59+00:00","twitter_card":"summary_large_image","schema":{"@context":"https:\/\/schema.org","@graph":[{"@type":"WebPage","@id":"https:\/\/www.au-pair.com\/es\/ser-familia-anfitriona\/","url":"https:\/\/www.au-pair.com\/es\/ser-familia-anfitriona\/","name":"Convertirse en una familia anfitriona: Con o sin agencia","isPartOf":{"@id":"https:\/\/www.au-pair.com\/es\/#website"},"datePublished":"2025-04-21T11:54:55+00:00","dateModified":"2025-05-22T11:18:59+00:00","description":"\u00bfBusca una soluci\u00f3n de cuidado de ni\u00f1os flexible y asequible? Entonces deber\u00eda considerar ser una familia anfitriona! Descubre c\u00f3mo alojar una Au Pair con o sin agencia.","breadcrumb":{"@id":"https:\/\/www.au-pair.com\/es\/ser-familia-anfitriona\/#breadcrumb"},"inLanguage":"es","potentialAction":[{"@type":"ReadAction","target":["https:\/\/www.au-pair.com\/es\/ser-familia-anfitriona\/"]}]},{"@type":"BreadcrumbList","@id":"https:\/\/www.au-pair.com\/es\/ser-familia-anfitriona\/#breadcrumb","itemListElement":[{"@type":"ListItem","position":1,"name":"Startseite","item":"https:\/\/www.au-pair.com\/es\/"},{"@type":"ListItem","position":2,"name":"Ser una familia anfitriona"}]},{"@type":"WebSite","@id":"https:\/\/www.au-pair.com\/es\/#website","url":"https:\/\/www.au-pair.com\/es\/","name":"au-pair","description":"","publisher":{"@id":"https:\/\/www.au-pair.com\/es\/#organization"},"potentialAction":[{"@type":"SearchAction","target":{"@type":"EntryPoint","urlTemplate":"https:\/\/www.au-pair.com\/es\/?s={search_term_string}"},"query-input":{"@type":"PropertyValueSpecification","valueRequired":true,"valueName":"search_term_string"}}],"inLanguage":"es"},{"@type":"Organization","@id":"https:\/\/www.au-pair.com\/es\/#organization","name":"au-pair","url":"https:\/\/www.au-pair.com\/es\/","logo":{"@type":"ImageObject","inLanguage":"es","@id":"https:\/\/www.au-pair.com\/es\/#\/schema\/logo\/image\/","url":"https:\/\/www.au-pair.com\/wp-content\/uploads\/2025\/04\/Au-Pair.png","contentUrl":"https:\/\/www.au-pair.com\/wp-content\/uploads\/2025\/04\/Au-Pair.png","width":910,"height":164,"caption":"au-pair"},"image":{"@id":"https:\/\/www.au-pair.com\/es\/#\/schema\/logo\/image\/"}}]}},"_links":{"self":[{"href":"https:\/\/www.au-pair.com\/es\/wp-json\/wp\/v2\/pages\/698","targetHints":{"allow":["GET"]}}],"collection":[{"href":"https:\/\/www.au-pair.com\/es\/wp-json\/wp\/v2\/pages"}],"about":[{"href":"https:\/\/www.au-pair.com\/es\/wp-json\/wp\/v2\/types\/page"}],"author":[{"embeddable":true,"href":"https:\/\/www.au-pair.com\/es\/wp-json\/wp\/v2\/users\/1"}],"replies":[{"embeddable":true,"href":"https:\/\/www.au-pair.com\/es\/wp-json\/wp\/v2\/comments?post=698"}],"version-history":[{"count":7,"href":"https:\/\/www.au-pair.com\/es\/wp-json\/wp\/v2\/pages\/698\/revisions"}],"predecessor-version":[{"id":6508,"href":"https:\/\/www.au-pair.com\/es\/wp-json\/wp\/v2\/pages\/698\/revisions\/6508"}],"wp:attachment":[{"href":"https:\/\/www.au-pair.com\/es\/wp-json\/wp\/v2\/media?parent=698"}],"curies":[{"name":"wp","href":"https:\/\/api.w.org\/{rel}","templated":true}]}}