{"id":1425,"date":"2025-04-22T05:26:46","date_gmt":"2025-04-22T05:26:46","guid":{"rendered":"https:\/\/www.au-pair.com\/au-pair-en-italie-vivez-la-dolce-vita-en-italie-et-elargissez-vos-horizons\/"},"modified":"2025-05-22T08:57:45","modified_gmt":"2025-05-22T08:57:45","slug":"au-pair-en-italie","status":"publish","type":"page","link":"https:\/\/www.au-pair.com\/fr\/au-pair-en-italie\/","title":{"rendered":"Au Pair en Italie : Vivez la &#8220;dolce vita&#8221; en Italie et \u00e9largissez vos horizons"},"content":{"rendered":"","protected":false},"excerpt":{"rendered":"","protected":false},"author":1,"featured_media":0,"parent":0,"menu_order":0,"comment_status":"closed","ping_status":"closed","template":"service-page.php","meta":{"footnotes":""},"class_list":["post-1425","page","type-page","status-publish","hentry","entry"],"acf":[],"yoast_head":"<!-- This site is optimized with the Yoast SEO Premium plugin v26.2 (Yoast SEO v27.3) - https:\/\/yoast.com\/product\/yoast-seo-premium-wordpress\/ -->\n<title>Au Pair en Islande : Visitez l&#039;\u00eele volcanique avec votre famille d&#039;accueil<\/title>\n<meta name=\"description\" content=\"Devenez Au Pair en Islande et d\u00e9couvrez la culture et la tradition islandaise. Pour en savoir plus sur le programme, cliquez ici et partez \u00e0 l&#039;aventure avec nous \u00e0 l&#039;\u00e9tranger.\" \/>\n<meta name=\"robots\" content=\"index, follow, max-snippet:-1, max-image-preview:large, max-video-preview:-1\" \/>\n<link rel=\"canonical\" href=\"https:\/\/www.au-pair.com\/fr\/au-pair-en-italie\/\" \/>\n<meta property=\"og:locale\" content=\"fr_FR\" \/>\n<meta property=\"og:type\" content=\"article\" \/>\n<meta property=\"og:title\" content=\"Au Pair en Italie : Vivez la &quot;dolce vita&quot; en Italie et \u00e9largissez vos horizons\" \/>\n<meta property=\"og:description\" content=\"Devenez Au Pair en Islande et d\u00e9couvrez la culture et la tradition islandaise. Pour en savoir plus sur le programme, cliquez ici et partez \u00e0 l&#039;aventure avec nous \u00e0 l&#039;\u00e9tranger.\" \/>\n<meta property=\"og:url\" content=\"https:\/\/www.au-pair.com\/fr\/au-pair-en-italie\/\" \/>\n<meta property=\"og:site_name\" content=\"au-pair\" \/>\n<meta property=\"article:modified_time\" content=\"2025-05-22T08:57:45+00:00\" \/>\n<meta name=\"twitter:card\" content=\"summary_large_image\" \/>\n<script type=\"application\/ld+json\" class=\"yoast-schema-graph\">{\"@context\":\"https:\\\/\\\/schema.org\",\"@graph\":[{\"@type\":\"WebPage\",\"@id\":\"https:\\\/\\\/www.au-pair.com\\\/fr\\\/au-pair-en-italie\\\/\",\"url\":\"https:\\\/\\\/www.au-pair.com\\\/fr\\\/au-pair-en-italie\\\/\",\"name\":\"Au Pair en Islande : Visitez l'\u00eele volcanique avec votre famille d'accueil\",\"isPartOf\":{\"@id\":\"https:\\\/\\\/www.au-pair.com\\\/fr\\\/#website\"},\"datePublished\":\"2025-04-22T05:26:46+00:00\",\"dateModified\":\"2025-05-22T08:57:45+00:00\",\"description\":\"Devenez Au Pair en Islande et d\u00e9couvrez la culture et la tradition islandaise. Pour en savoir plus sur le programme, cliquez ici et partez \u00e0 l'aventure avec nous \u00e0 l'\u00e9tranger.\",\"breadcrumb\":{\"@id\":\"https:\\\/\\\/www.au-pair.com\\\/fr\\\/au-pair-en-italie\\\/#breadcrumb\"},\"inLanguage\":\"fr-FR\",\"potentialAction\":[{\"@type\":\"ReadAction\",\"target\":[\"https:\\\/\\\/www.au-pair.com\\\/fr\\\/au-pair-en-italie\\\/\"]}]},{\"@type\":\"BreadcrumbList\",\"@id\":\"https:\\\/\\\/www.au-pair.com\\\/fr\\\/au-pair-en-italie\\\/#breadcrumb\",\"itemListElement\":[{\"@type\":\"ListItem\",\"position\":1,\"name\":\"Startseite\",\"item\":\"https:\\\/\\\/www.au-pair.com\\\/fr\\\/\"},{\"@type\":\"ListItem\",\"position\":2,\"name\":\"Au Pair en Italie : Vivez la &#8222;dolce vita&#8220; en Italie et \u00e9largissez vos horizons\"}]},{\"@type\":\"WebSite\",\"@id\":\"https:\\\/\\\/www.au-pair.com\\\/fr\\\/#website\",\"url\":\"https:\\\/\\\/www.au-pair.com\\\/fr\\\/\",\"name\":\"au-pair\",\"description\":\"\",\"publisher\":{\"@id\":\"https:\\\/\\\/www.au-pair.com\\\/fr\\\/#organization\"},\"potentialAction\":[{\"@type\":\"SearchAction\",\"target\":{\"@type\":\"EntryPoint\",\"urlTemplate\":\"https:\\\/\\\/www.au-pair.com\\\/fr\\\/?s={search_term_string}\"},\"query-input\":{\"@type\":\"PropertyValueSpecification\",\"valueRequired\":true,\"valueName\":\"search_term_string\"}}],\"inLanguage\":\"fr-FR\"},{\"@type\":\"Organization\",\"@id\":\"https:\\\/\\\/www.au-pair.com\\\/fr\\\/#organization\",\"name\":\"au-pair\",\"url\":\"https:\\\/\\\/www.au-pair.com\\\/fr\\\/\",\"logo\":{\"@type\":\"ImageObject\",\"inLanguage\":\"fr-FR\",\"@id\":\"https:\\\/\\\/www.au-pair.com\\\/fr\\\/#\\\/schema\\\/logo\\\/image\\\/\",\"url\":\"https:\\\/\\\/www.au-pair.com\\\/wp-content\\\/uploads\\\/2025\\\/04\\\/Au-Pair.png\",\"contentUrl\":\"https:\\\/\\\/www.au-pair.com\\\/wp-content\\\/uploads\\\/2025\\\/04\\\/Au-Pair.png\",\"width\":910,\"height\":164,\"caption\":\"au-pair\"},\"image\":{\"@id\":\"https:\\\/\\\/www.au-pair.com\\\/fr\\\/#\\\/schema\\\/logo\\\/image\\\/\"}}]}<\/script>\n<!-- \/ Yoast SEO Premium plugin. -->","yoast_head_json":{"title":"Au Pair en Islande : Visitez l'\u00eele volcanique avec votre famille d'accueil","description":"Devenez Au Pair en Islande et d\u00e9couvrez la culture et la tradition islandaise. Pour en savoir plus sur le programme, cliquez ici et partez \u00e0 l'aventure avec nous \u00e0 l'\u00e9tranger.","robots":{"index":"index","follow":"follow","max-snippet":"max-snippet:-1","max-image-preview":"max-image-preview:large","max-video-preview":"max-video-preview:-1"},"canonical":"https:\/\/www.au-pair.com\/fr\/au-pair-en-italie\/","og_locale":"fr_FR","og_type":"article","og_title":"Au Pair en Italie : Vivez la \"dolce vita\" en Italie et \u00e9largissez vos horizons","og_description":"Devenez Au Pair en Islande et d\u00e9couvrez la culture et la tradition islandaise. Pour en savoir plus sur le programme, cliquez ici et partez \u00e0 l'aventure avec nous \u00e0 l'\u00e9tranger.","og_url":"https:\/\/www.au-pair.com\/fr\/au-pair-en-italie\/","og_site_name":"au-pair","article_modified_time":"2025-05-22T08:57:45+00:00","twitter_card":"summary_large_image","schema":{"@context":"https:\/\/schema.org","@graph":[{"@type":"WebPage","@id":"https:\/\/www.au-pair.com\/fr\/au-pair-en-italie\/","url":"https:\/\/www.au-pair.com\/fr\/au-pair-en-italie\/","name":"Au Pair en Islande : Visitez l'\u00eele volcanique avec votre famille d'accueil","isPartOf":{"@id":"https:\/\/www.au-pair.com\/fr\/#website"},"datePublished":"2025-04-22T05:26:46+00:00","dateModified":"2025-05-22T08:57:45+00:00","description":"Devenez Au Pair en Islande et d\u00e9couvrez la culture et la tradition islandaise. Pour en savoir plus sur le programme, cliquez ici et partez \u00e0 l'aventure avec nous \u00e0 l'\u00e9tranger.","breadcrumb":{"@id":"https:\/\/www.au-pair.com\/fr\/au-pair-en-italie\/#breadcrumb"},"inLanguage":"fr-FR","potentialAction":[{"@type":"ReadAction","target":["https:\/\/www.au-pair.com\/fr\/au-pair-en-italie\/"]}]},{"@type":"BreadcrumbList","@id":"https:\/\/www.au-pair.com\/fr\/au-pair-en-italie\/#breadcrumb","itemListElement":[{"@type":"ListItem","position":1,"name":"Startseite","item":"https:\/\/www.au-pair.com\/fr\/"},{"@type":"ListItem","position":2,"name":"Au Pair en Italie : Vivez la &#8222;dolce vita&#8220; en Italie et \u00e9largissez vos horizons"}]},{"@type":"WebSite","@id":"https:\/\/www.au-pair.com\/fr\/#website","url":"https:\/\/www.au-pair.com\/fr\/","name":"au-pair","description":"","publisher":{"@id":"https:\/\/www.au-pair.com\/fr\/#organization"},"potentialAction":[{"@type":"SearchAction","target":{"@type":"EntryPoint","urlTemplate":"https:\/\/www.au-pair.com\/fr\/?s={search_term_string}"},"query-input":{"@type":"PropertyValueSpecification","valueRequired":true,"valueName":"search_term_string"}}],"inLanguage":"fr-FR"},{"@type":"Organization","@id":"https:\/\/www.au-pair.com\/fr\/#organization","name":"au-pair","url":"https:\/\/www.au-pair.com\/fr\/","logo":{"@type":"ImageObject","inLanguage":"fr-FR","@id":"https:\/\/www.au-pair.com\/fr\/#\/schema\/logo\/image\/","url":"https:\/\/www.au-pair.com\/wp-content\/uploads\/2025\/04\/Au-Pair.png","contentUrl":"https:\/\/www.au-pair.com\/wp-content\/uploads\/2025\/04\/Au-Pair.png","width":910,"height":164,"caption":"au-pair"},"image":{"@id":"https:\/\/www.au-pair.com\/fr\/#\/schema\/logo\/image\/"}}]}},"_links":{"self":[{"href":"https:\/\/www.au-pair.com\/fr\/wp-json\/wp\/v2\/pages\/1425","targetHints":{"allow":["GET"]}}],"collection":[{"href":"https:\/\/www.au-pair.com\/fr\/wp-json\/wp\/v2\/pages"}],"about":[{"href":"https:\/\/www.au-pair.com\/fr\/wp-json\/wp\/v2\/types\/page"}],"author":[{"embeddable":true,"href":"https:\/\/www.au-pair.com\/fr\/wp-json\/wp\/v2\/users\/1"}],"replies":[{"embeddable":true,"href":"https:\/\/www.au-pair.com\/fr\/wp-json\/wp\/v2\/comments?post=1425"}],"version-history":[{"count":7,"href":"https:\/\/www.au-pair.com\/fr\/wp-json\/wp\/v2\/pages\/1425\/revisions"}],"predecessor-version":[{"id":6456,"href":"https:\/\/www.au-pair.com\/fr\/wp-json\/wp\/v2\/pages\/1425\/revisions\/6456"}],"wp:attachment":[{"href":"https:\/\/www.au-pair.com\/fr\/wp-json\/wp\/v2\/media?parent=1425"}],"curies":[{"name":"wp","href":"https:\/\/api.w.org\/{rel}","templated":true}]}}