{"id":1444,"date":"2025-04-22T05:28:22","date_gmt":"2025-04-22T05:28:22","guid":{"rendered":"https:\/\/www.au-pair.com\/au-pair-en-suede-voyage-au-royaume-de-suede-pour-simmerger-dans-la-culture\/"},"modified":"2025-05-22T09:55:52","modified_gmt":"2025-05-22T09:55:52","slug":"au-pair-en-suede","status":"publish","type":"page","link":"https:\/\/www.au-pair.com\/fr\/au-pair-en-suede\/","title":{"rendered":"Au Pair en Su\u00e8de : Voyage au Royaume de Su\u00e8de pour s&#8217;immerger dans la culture"},"content":{"rendered":"","protected":false},"excerpt":{"rendered":"","protected":false},"author":1,"featured_media":0,"parent":0,"menu_order":0,"comment_status":"closed","ping_status":"closed","template":"service-page.php","meta":{"footnotes":""},"class_list":["post-1444","page","type-page","status-publish","hentry","entry"],"acf":[],"yoast_head":"<!-- This site is optimized with the Yoast SEO Premium plugin v26.2 (Yoast SEO v27.3) - https:\/\/yoast.com\/product\/yoast-seo-premium-wordpress\/ -->\n<title>Au Pair en Su\u00e8de : Voyage au Royaume de Su\u00e8de pour s&#039;immerger dans la culture<\/title>\n<meta name=\"description\" content=\"En tant qu&#039;Au Pair en Su\u00e8de, vous pouvez acqu\u00e9rir une exp\u00e9rience culturelle pr\u00e9cieuse. Nous vous donnons des informations sur le programme et vous montrons comment trouver une famille. Pour en savoir plus, cliquez ici.\" \/>\n<meta name=\"robots\" content=\"index, follow, max-snippet:-1, max-image-preview:large, max-video-preview:-1\" \/>\n<link rel=\"canonical\" href=\"https:\/\/www.au-pair.com\/fr\/au-pair-en-suede\/\" \/>\n<meta property=\"og:locale\" content=\"fr_FR\" \/>\n<meta property=\"og:type\" content=\"article\" \/>\n<meta property=\"og:title\" content=\"Au Pair en Su\u00e8de : Voyage au Royaume de Su\u00e8de pour s&#039;immerger dans la culture\" \/>\n<meta property=\"og:description\" content=\"En tant qu&#039;Au Pair en Su\u00e8de, vous pouvez acqu\u00e9rir une exp\u00e9rience culturelle pr\u00e9cieuse. Nous vous donnons des informations sur le programme et vous montrons comment trouver une famille. Pour en savoir plus, cliquez ici.\" \/>\n<meta property=\"og:url\" content=\"https:\/\/www.au-pair.com\/fr\/au-pair-en-suede\/\" \/>\n<meta property=\"og:site_name\" content=\"au-pair\" \/>\n<meta property=\"article:modified_time\" content=\"2025-05-22T09:55:52+00:00\" \/>\n<meta name=\"twitter:card\" content=\"summary_large_image\" \/>\n<script type=\"application\/ld+json\" class=\"yoast-schema-graph\">{\"@context\":\"https:\\\/\\\/schema.org\",\"@graph\":[{\"@type\":\"WebPage\",\"@id\":\"https:\\\/\\\/www.au-pair.com\\\/fr\\\/au-pair-en-suede\\\/\",\"url\":\"https:\\\/\\\/www.au-pair.com\\\/fr\\\/au-pair-en-suede\\\/\",\"name\":\"Au Pair en Su\u00e8de : Voyage au Royaume de Su\u00e8de pour s'immerger dans la culture\",\"isPartOf\":{\"@id\":\"https:\\\/\\\/www.au-pair.com\\\/fr\\\/#website\"},\"datePublished\":\"2025-04-22T05:28:22+00:00\",\"dateModified\":\"2025-05-22T09:55:52+00:00\",\"description\":\"En tant qu'Au Pair en Su\u00e8de, vous pouvez acqu\u00e9rir une exp\u00e9rience culturelle pr\u00e9cieuse. Nous vous donnons des informations sur le programme et vous montrons comment trouver une famille. Pour en savoir plus, cliquez ici.\",\"breadcrumb\":{\"@id\":\"https:\\\/\\\/www.au-pair.com\\\/fr\\\/au-pair-en-suede\\\/#breadcrumb\"},\"inLanguage\":\"fr-FR\",\"potentialAction\":[{\"@type\":\"ReadAction\",\"target\":[\"https:\\\/\\\/www.au-pair.com\\\/fr\\\/au-pair-en-suede\\\/\"]}]},{\"@type\":\"BreadcrumbList\",\"@id\":\"https:\\\/\\\/www.au-pair.com\\\/fr\\\/au-pair-en-suede\\\/#breadcrumb\",\"itemListElement\":[{\"@type\":\"ListItem\",\"position\":1,\"name\":\"Startseite\",\"item\":\"https:\\\/\\\/www.au-pair.com\\\/fr\\\/\"},{\"@type\":\"ListItem\",\"position\":2,\"name\":\"Au Pair en Su\u00e8de : Voyage au Royaume de Su\u00e8de pour s&#8217;immerger dans la culture\"}]},{\"@type\":\"WebSite\",\"@id\":\"https:\\\/\\\/www.au-pair.com\\\/fr\\\/#website\",\"url\":\"https:\\\/\\\/www.au-pair.com\\\/fr\\\/\",\"name\":\"au-pair\",\"description\":\"\",\"publisher\":{\"@id\":\"https:\\\/\\\/www.au-pair.com\\\/fr\\\/#organization\"},\"potentialAction\":[{\"@type\":\"SearchAction\",\"target\":{\"@type\":\"EntryPoint\",\"urlTemplate\":\"https:\\\/\\\/www.au-pair.com\\\/fr\\\/?s={search_term_string}\"},\"query-input\":{\"@type\":\"PropertyValueSpecification\",\"valueRequired\":true,\"valueName\":\"search_term_string\"}}],\"inLanguage\":\"fr-FR\"},{\"@type\":\"Organization\",\"@id\":\"https:\\\/\\\/www.au-pair.com\\\/fr\\\/#organization\",\"name\":\"au-pair\",\"url\":\"https:\\\/\\\/www.au-pair.com\\\/fr\\\/\",\"logo\":{\"@type\":\"ImageObject\",\"inLanguage\":\"fr-FR\",\"@id\":\"https:\\\/\\\/www.au-pair.com\\\/fr\\\/#\\\/schema\\\/logo\\\/image\\\/\",\"url\":\"https:\\\/\\\/www.au-pair.com\\\/wp-content\\\/uploads\\\/2025\\\/04\\\/Au-Pair.png\",\"contentUrl\":\"https:\\\/\\\/www.au-pair.com\\\/wp-content\\\/uploads\\\/2025\\\/04\\\/Au-Pair.png\",\"width\":910,\"height\":164,\"caption\":\"au-pair\"},\"image\":{\"@id\":\"https:\\\/\\\/www.au-pair.com\\\/fr\\\/#\\\/schema\\\/logo\\\/image\\\/\"}}]}<\/script>\n<!-- \/ Yoast SEO Premium plugin. -->","yoast_head_json":{"title":"Au Pair en Su\u00e8de : Voyage au Royaume de Su\u00e8de pour s'immerger dans la culture","description":"En tant qu'Au Pair en Su\u00e8de, vous pouvez acqu\u00e9rir une exp\u00e9rience culturelle pr\u00e9cieuse. Nous vous donnons des informations sur le programme et vous montrons comment trouver une famille. Pour en savoir plus, cliquez ici.","robots":{"index":"index","follow":"follow","max-snippet":"max-snippet:-1","max-image-preview":"max-image-preview:large","max-video-preview":"max-video-preview:-1"},"canonical":"https:\/\/www.au-pair.com\/fr\/au-pair-en-suede\/","og_locale":"fr_FR","og_type":"article","og_title":"Au Pair en Su\u00e8de : Voyage au Royaume de Su\u00e8de pour s'immerger dans la culture","og_description":"En tant qu'Au Pair en Su\u00e8de, vous pouvez acqu\u00e9rir une exp\u00e9rience culturelle pr\u00e9cieuse. Nous vous donnons des informations sur le programme et vous montrons comment trouver une famille. Pour en savoir plus, cliquez ici.","og_url":"https:\/\/www.au-pair.com\/fr\/au-pair-en-suede\/","og_site_name":"au-pair","article_modified_time":"2025-05-22T09:55:52+00:00","twitter_card":"summary_large_image","schema":{"@context":"https:\/\/schema.org","@graph":[{"@type":"WebPage","@id":"https:\/\/www.au-pair.com\/fr\/au-pair-en-suede\/","url":"https:\/\/www.au-pair.com\/fr\/au-pair-en-suede\/","name":"Au Pair en Su\u00e8de : Voyage au Royaume de Su\u00e8de pour s'immerger dans la culture","isPartOf":{"@id":"https:\/\/www.au-pair.com\/fr\/#website"},"datePublished":"2025-04-22T05:28:22+00:00","dateModified":"2025-05-22T09:55:52+00:00","description":"En tant qu'Au Pair en Su\u00e8de, vous pouvez acqu\u00e9rir une exp\u00e9rience culturelle pr\u00e9cieuse. Nous vous donnons des informations sur le programme et vous montrons comment trouver une famille. Pour en savoir plus, cliquez ici.","breadcrumb":{"@id":"https:\/\/www.au-pair.com\/fr\/au-pair-en-suede\/#breadcrumb"},"inLanguage":"fr-FR","potentialAction":[{"@type":"ReadAction","target":["https:\/\/www.au-pair.com\/fr\/au-pair-en-suede\/"]}]},{"@type":"BreadcrumbList","@id":"https:\/\/www.au-pair.com\/fr\/au-pair-en-suede\/#breadcrumb","itemListElement":[{"@type":"ListItem","position":1,"name":"Startseite","item":"https:\/\/www.au-pair.com\/fr\/"},{"@type":"ListItem","position":2,"name":"Au Pair en Su\u00e8de : Voyage au Royaume de Su\u00e8de pour s&#8217;immerger dans la culture"}]},{"@type":"WebSite","@id":"https:\/\/www.au-pair.com\/fr\/#website","url":"https:\/\/www.au-pair.com\/fr\/","name":"au-pair","description":"","publisher":{"@id":"https:\/\/www.au-pair.com\/fr\/#organization"},"potentialAction":[{"@type":"SearchAction","target":{"@type":"EntryPoint","urlTemplate":"https:\/\/www.au-pair.com\/fr\/?s={search_term_string}"},"query-input":{"@type":"PropertyValueSpecification","valueRequired":true,"valueName":"search_term_string"}}],"inLanguage":"fr-FR"},{"@type":"Organization","@id":"https:\/\/www.au-pair.com\/fr\/#organization","name":"au-pair","url":"https:\/\/www.au-pair.com\/fr\/","logo":{"@type":"ImageObject","inLanguage":"fr-FR","@id":"https:\/\/www.au-pair.com\/fr\/#\/schema\/logo\/image\/","url":"https:\/\/www.au-pair.com\/wp-content\/uploads\/2025\/04\/Au-Pair.png","contentUrl":"https:\/\/www.au-pair.com\/wp-content\/uploads\/2025\/04\/Au-Pair.png","width":910,"height":164,"caption":"au-pair"},"image":{"@id":"https:\/\/www.au-pair.com\/fr\/#\/schema\/logo\/image\/"}}]}},"_links":{"self":[{"href":"https:\/\/www.au-pair.com\/fr\/wp-json\/wp\/v2\/pages\/1444","targetHints":{"allow":["GET"]}}],"collection":[{"href":"https:\/\/www.au-pair.com\/fr\/wp-json\/wp\/v2\/pages"}],"about":[{"href":"https:\/\/www.au-pair.com\/fr\/wp-json\/wp\/v2\/types\/page"}],"author":[{"embeddable":true,"href":"https:\/\/www.au-pair.com\/fr\/wp-json\/wp\/v2\/users\/1"}],"replies":[{"embeddable":true,"href":"https:\/\/www.au-pair.com\/fr\/wp-json\/wp\/v2\/comments?post=1444"}],"version-history":[{"count":13,"href":"https:\/\/www.au-pair.com\/fr\/wp-json\/wp\/v2\/pages\/1444\/revisions"}],"predecessor-version":[{"id":6461,"href":"https:\/\/www.au-pair.com\/fr\/wp-json\/wp\/v2\/pages\/1444\/revisions\/6461"}],"wp:attachment":[{"href":"https:\/\/www.au-pair.com\/fr\/wp-json\/wp\/v2\/media?parent=1444"}],"curies":[{"name":"wp","href":"https:\/\/api.w.org\/{rel}","templated":true}]}}