{"id":1472,"date":"2025-04-22T05:31:41","date_gmt":"2025-04-22T05:31:41","guid":{"rendered":"https:\/\/www.au-pair.com\/programme-au-pair-choisissez-parmi-les-differentes-destinations-au-pair\/"},"modified":"2025-05-22T10:49:03","modified_gmt":"2025-05-22T10:49:03","slug":"programme-au-pair","status":"publish","type":"page","link":"https:\/\/www.au-pair.com\/fr\/programme-au-pair\/","title":{"rendered":"Programme Au Pair &#8211; Choisissez parmi les diff\u00e9rentes destinations Au Pair"},"content":{"rendered":"","protected":false},"excerpt":{"rendered":"","protected":false},"author":1,"featured_media":0,"parent":0,"menu_order":0,"comment_status":"closed","ping_status":"closed","template":"service-lisitng.php","meta":{"footnotes":""},"class_list":["post-1472","page","type-page","status-publish","hentry","entry"],"acf":[],"yoast_head":"<!-- This site is optimized with the Yoast SEO Premium plugin v26.2 (Yoast SEO v27.3) - https:\/\/yoast.com\/product\/yoast-seo-premium-wordpress\/ -->\n<title>Programme Au Pair - Choisissez parmi les diff\u00e9rentes destinations Au Pair<\/title>\n<meta name=\"description\" content=\"Si vous voulez partir \u00e0 l&#039;\u00e9tranger en tant qu&#039;Au Pair, vous devez choisir l&#039;un des programmes Au Pair. Nous vous donnerons un aper\u00e7u des diff\u00e9rentes destinations !\" \/>\n<meta name=\"robots\" content=\"index, follow, max-snippet:-1, max-image-preview:large, max-video-preview:-1\" \/>\n<link rel=\"canonical\" href=\"https:\/\/www.au-pair.com\/fr\/programme-au-pair\/\" \/>\n<meta property=\"og:locale\" content=\"fr_FR\" \/>\n<meta property=\"og:type\" content=\"article\" \/>\n<meta property=\"og:title\" content=\"Programme Au Pair - Choisissez parmi les diff\u00e9rentes destinations Au Pair\" \/>\n<meta property=\"og:description\" content=\"Si vous voulez partir \u00e0 l&#039;\u00e9tranger en tant qu&#039;Au Pair, vous devez choisir l&#039;un des programmes Au Pair. Nous vous donnerons un aper\u00e7u des diff\u00e9rentes destinations !\" \/>\n<meta property=\"og:url\" content=\"https:\/\/www.au-pair.com\/fr\/programme-au-pair\/\" \/>\n<meta property=\"og:site_name\" content=\"au-pair\" \/>\n<meta property=\"article:modified_time\" content=\"2025-05-22T10:49:03+00:00\" \/>\n<meta name=\"twitter:card\" content=\"summary_large_image\" \/>\n<script type=\"application\/ld+json\" class=\"yoast-schema-graph\">{\"@context\":\"https:\\\/\\\/schema.org\",\"@graph\":[{\"@type\":\"WebPage\",\"@id\":\"https:\\\/\\\/www.au-pair.com\\\/fr\\\/programme-au-pair\\\/\",\"url\":\"https:\\\/\\\/www.au-pair.com\\\/fr\\\/programme-au-pair\\\/\",\"name\":\"Programme Au Pair - Choisissez parmi les diff\u00e9rentes destinations Au Pair\",\"isPartOf\":{\"@id\":\"https:\\\/\\\/www.au-pair.com\\\/fr\\\/#website\"},\"datePublished\":\"2025-04-22T05:31:41+00:00\",\"dateModified\":\"2025-05-22T10:49:03+00:00\",\"description\":\"Si vous voulez partir \u00e0 l'\u00e9tranger en tant qu'Au Pair, vous devez choisir l'un des programmes Au Pair. Nous vous donnerons un aper\u00e7u des diff\u00e9rentes destinations !\",\"breadcrumb\":{\"@id\":\"https:\\\/\\\/www.au-pair.com\\\/fr\\\/programme-au-pair\\\/#breadcrumb\"},\"inLanguage\":\"fr-FR\",\"potentialAction\":[{\"@type\":\"ReadAction\",\"target\":[\"https:\\\/\\\/www.au-pair.com\\\/fr\\\/programme-au-pair\\\/\"]}]},{\"@type\":\"BreadcrumbList\",\"@id\":\"https:\\\/\\\/www.au-pair.com\\\/fr\\\/programme-au-pair\\\/#breadcrumb\",\"itemListElement\":[{\"@type\":\"ListItem\",\"position\":1,\"name\":\"Startseite\",\"item\":\"https:\\\/\\\/www.au-pair.com\\\/fr\\\/\"},{\"@type\":\"ListItem\",\"position\":2,\"name\":\"Programme Au Pair &#8211; Choisissez parmi les diff\u00e9rentes destinations Au Pair\"}]},{\"@type\":\"WebSite\",\"@id\":\"https:\\\/\\\/www.au-pair.com\\\/fr\\\/#website\",\"url\":\"https:\\\/\\\/www.au-pair.com\\\/fr\\\/\",\"name\":\"au-pair\",\"description\":\"\",\"publisher\":{\"@id\":\"https:\\\/\\\/www.au-pair.com\\\/fr\\\/#organization\"},\"potentialAction\":[{\"@type\":\"SearchAction\",\"target\":{\"@type\":\"EntryPoint\",\"urlTemplate\":\"https:\\\/\\\/www.au-pair.com\\\/fr\\\/?s={search_term_string}\"},\"query-input\":{\"@type\":\"PropertyValueSpecification\",\"valueRequired\":true,\"valueName\":\"search_term_string\"}}],\"inLanguage\":\"fr-FR\"},{\"@type\":\"Organization\",\"@id\":\"https:\\\/\\\/www.au-pair.com\\\/fr\\\/#organization\",\"name\":\"au-pair\",\"url\":\"https:\\\/\\\/www.au-pair.com\\\/fr\\\/\",\"logo\":{\"@type\":\"ImageObject\",\"inLanguage\":\"fr-FR\",\"@id\":\"https:\\\/\\\/www.au-pair.com\\\/fr\\\/#\\\/schema\\\/logo\\\/image\\\/\",\"url\":\"https:\\\/\\\/www.au-pair.com\\\/wp-content\\\/uploads\\\/2025\\\/04\\\/Au-Pair.png\",\"contentUrl\":\"https:\\\/\\\/www.au-pair.com\\\/wp-content\\\/uploads\\\/2025\\\/04\\\/Au-Pair.png\",\"width\":910,\"height\":164,\"caption\":\"au-pair\"},\"image\":{\"@id\":\"https:\\\/\\\/www.au-pair.com\\\/fr\\\/#\\\/schema\\\/logo\\\/image\\\/\"}}]}<\/script>\n<!-- \/ Yoast SEO Premium plugin. -->","yoast_head_json":{"title":"Programme Au Pair - Choisissez parmi les diff\u00e9rentes destinations Au Pair","description":"Si vous voulez partir \u00e0 l'\u00e9tranger en tant qu'Au Pair, vous devez choisir l'un des programmes Au Pair. Nous vous donnerons un aper\u00e7u des diff\u00e9rentes destinations !","robots":{"index":"index","follow":"follow","max-snippet":"max-snippet:-1","max-image-preview":"max-image-preview:large","max-video-preview":"max-video-preview:-1"},"canonical":"https:\/\/www.au-pair.com\/fr\/programme-au-pair\/","og_locale":"fr_FR","og_type":"article","og_title":"Programme Au Pair - Choisissez parmi les diff\u00e9rentes destinations Au Pair","og_description":"Si vous voulez partir \u00e0 l'\u00e9tranger en tant qu'Au Pair, vous devez choisir l'un des programmes Au Pair. Nous vous donnerons un aper\u00e7u des diff\u00e9rentes destinations !","og_url":"https:\/\/www.au-pair.com\/fr\/programme-au-pair\/","og_site_name":"au-pair","article_modified_time":"2025-05-22T10:49:03+00:00","twitter_card":"summary_large_image","schema":{"@context":"https:\/\/schema.org","@graph":[{"@type":"WebPage","@id":"https:\/\/www.au-pair.com\/fr\/programme-au-pair\/","url":"https:\/\/www.au-pair.com\/fr\/programme-au-pair\/","name":"Programme Au Pair - Choisissez parmi les diff\u00e9rentes destinations Au Pair","isPartOf":{"@id":"https:\/\/www.au-pair.com\/fr\/#website"},"datePublished":"2025-04-22T05:31:41+00:00","dateModified":"2025-05-22T10:49:03+00:00","description":"Si vous voulez partir \u00e0 l'\u00e9tranger en tant qu'Au Pair, vous devez choisir l'un des programmes Au Pair. Nous vous donnerons un aper\u00e7u des diff\u00e9rentes destinations !","breadcrumb":{"@id":"https:\/\/www.au-pair.com\/fr\/programme-au-pair\/#breadcrumb"},"inLanguage":"fr-FR","potentialAction":[{"@type":"ReadAction","target":["https:\/\/www.au-pair.com\/fr\/programme-au-pair\/"]}]},{"@type":"BreadcrumbList","@id":"https:\/\/www.au-pair.com\/fr\/programme-au-pair\/#breadcrumb","itemListElement":[{"@type":"ListItem","position":1,"name":"Startseite","item":"https:\/\/www.au-pair.com\/fr\/"},{"@type":"ListItem","position":2,"name":"Programme Au Pair &#8211; Choisissez parmi les diff\u00e9rentes destinations Au Pair"}]},{"@type":"WebSite","@id":"https:\/\/www.au-pair.com\/fr\/#website","url":"https:\/\/www.au-pair.com\/fr\/","name":"au-pair","description":"","publisher":{"@id":"https:\/\/www.au-pair.com\/fr\/#organization"},"potentialAction":[{"@type":"SearchAction","target":{"@type":"EntryPoint","urlTemplate":"https:\/\/www.au-pair.com\/fr\/?s={search_term_string}"},"query-input":{"@type":"PropertyValueSpecification","valueRequired":true,"valueName":"search_term_string"}}],"inLanguage":"fr-FR"},{"@type":"Organization","@id":"https:\/\/www.au-pair.com\/fr\/#organization","name":"au-pair","url":"https:\/\/www.au-pair.com\/fr\/","logo":{"@type":"ImageObject","inLanguage":"fr-FR","@id":"https:\/\/www.au-pair.com\/fr\/#\/schema\/logo\/image\/","url":"https:\/\/www.au-pair.com\/wp-content\/uploads\/2025\/04\/Au-Pair.png","contentUrl":"https:\/\/www.au-pair.com\/wp-content\/uploads\/2025\/04\/Au-Pair.png","width":910,"height":164,"caption":"au-pair"},"image":{"@id":"https:\/\/www.au-pair.com\/fr\/#\/schema\/logo\/image\/"}}]}},"_links":{"self":[{"href":"https:\/\/www.au-pair.com\/fr\/wp-json\/wp\/v2\/pages\/1472","targetHints":{"allow":["GET"]}}],"collection":[{"href":"https:\/\/www.au-pair.com\/fr\/wp-json\/wp\/v2\/pages"}],"about":[{"href":"https:\/\/www.au-pair.com\/fr\/wp-json\/wp\/v2\/types\/page"}],"author":[{"embeddable":true,"href":"https:\/\/www.au-pair.com\/fr\/wp-json\/wp\/v2\/users\/1"}],"replies":[{"embeddable":true,"href":"https:\/\/www.au-pair.com\/fr\/wp-json\/wp\/v2\/comments?post=1472"}],"version-history":[{"count":25,"href":"https:\/\/www.au-pair.com\/fr\/wp-json\/wp\/v2\/pages\/1472\/revisions"}],"predecessor-version":[{"id":6491,"href":"https:\/\/www.au-pair.com\/fr\/wp-json\/wp\/v2\/pages\/1472\/revisions\/6491"}],"wp:attachment":[{"href":"https:\/\/www.au-pair.com\/fr\/wp-json\/wp\/v2\/media?parent=1472"}],"curies":[{"name":"wp","href":"https:\/\/api.w.org\/{rel}","templated":true}]}}