{"id":1486,"date":"2025-04-22T05:34:02","date_gmt":"2025-04-22T05:34:02","guid":{"rendered":"https:\/\/www.au-pair.com\/%d0%bf%d0%be%d0%bb%d0%b8%d1%82%d0%b8%d0%ba%d0%b0-%d0%ba%d0%be%d0%bd%d1%84%d0%b8%d0%b4%d0%b5%d0%bd%d1%86%d0%b8%d0%b0%d0%bb%d1%8c%d0%bd%d0%be%d1%81%d1%82%d0%b8\/"},"modified":"2025-05-21T08:35:08","modified_gmt":"2025-05-21T08:35:08","slug":"%d0%bf%d0%be%d0%bb%d0%b8%d1%82%d0%b8%d0%ba%d0%b0-%d0%ba%d0%be%d0%bd%d1%84%d0%b8%d0%b4%d0%b5%d0%bd%d1%86%d0%b8%d0%b0%d0%bb%d1%8c%d0%bd%d0%be%d1%81%d1%82%d0%b8","status":"publish","type":"page","link":"https:\/\/www.au-pair.com\/ru\/%d0%bf%d0%be%d0%bb%d0%b8%d1%82%d0%b8%d0%ba%d0%b0-%d0%ba%d0%be%d0%bd%d1%84%d0%b8%d0%b4%d0%b5%d0%bd%d1%86%d0%b8%d0%b0%d0%bb%d1%8c%d0%bd%d0%be%d1%81%d1%82%d0%b8\/","title":{"rendered":"\u041f\u043e\u043b\u0438\u0442\u0438\u043a\u0430 \u043a\u043e\u043d\u0444\u0438\u0434\u0435\u043d\u0446\u0438\u0430\u043b\u044c\u043d\u043e\u0441\u0442\u0438"},"content":{"rendered":"","protected":false},"excerpt":{"rendered":"","protected":false},"author":1,"featured_media":0,"parent":0,"menu_order":0,"comment_status":"closed","ping_status":"closed","template":"service-page.php","meta":{"footnotes":""},"class_list":["post-1486","page","type-page","status-publish","hentry","entry"],"acf":[],"yoast_head":"<!-- This site is optimized with the Yoast SEO Premium plugin v26.2 (Yoast SEO v27.5) - https:\/\/yoast.com\/product\/yoast-seo-premium-wordpress\/ -->\n<title>Datenschutzerkl\u00e4rung - MultiKultur e.K.<\/title>\n<meta name=\"description\" content=\"Du m\u00f6chtest wissen, was mit deinen Daten passiert? Kein Problem! Deine Au-Pair Agentur MultiKultur e.K. erkl\u00e4rt dir alles in ihrer Datenschutzerkl\u00e4rung.\" \/>\n<meta name=\"robots\" content=\"index, follow, max-snippet:-1, max-image-preview:large, max-video-preview:-1\" \/>\n<link rel=\"canonical\" href=\"https:\/\/www.au-pair.com\/ru\/%d0%bf%d0%be%d0%bb%d0%b8%d1%82%d0%b8%d0%ba%d0%b0-%d0%ba%d0%be%d0%bd%d1%84%d0%b8%d0%b4%d0%b5%d0%bd%d1%86%d0%b8%d0%b0%d0%bb%d1%8c%d0%bd%d0%be%d1%81%d1%82%d0%b8\/\" \/>\n<meta property=\"og:locale\" content=\"ru_RU\" \/>\n<meta property=\"og:type\" content=\"article\" \/>\n<meta property=\"og:title\" content=\"\u041f\u043e\u043b\u0438\u0442\u0438\u043a\u0430 \u043a\u043e\u043d\u0444\u0438\u0434\u0435\u043d\u0446\u0438\u0430\u043b\u044c\u043d\u043e\u0441\u0442\u0438\" \/>\n<meta property=\"og:description\" content=\"Du m\u00f6chtest wissen, was mit deinen Daten passiert? Kein Problem! Deine Au-Pair Agentur MultiKultur e.K. erkl\u00e4rt dir alles in ihrer Datenschutzerkl\u00e4rung.\" \/>\n<meta property=\"og:url\" content=\"https:\/\/www.au-pair.com\/ru\/%d0%bf%d0%be%d0%bb%d0%b8%d1%82%d0%b8%d0%ba%d0%b0-%d0%ba%d0%be%d0%bd%d1%84%d0%b8%d0%b4%d0%b5%d0%bd%d1%86%d0%b8%d0%b0%d0%bb%d1%8c%d0%bd%d0%be%d1%81%d1%82%d0%b8\/\" \/>\n<meta property=\"og:site_name\" content=\"au-pair\" \/>\n<meta property=\"article:modified_time\" content=\"2025-05-21T08:35:08+00:00\" \/>\n<meta name=\"twitter:card\" content=\"summary_large_image\" \/>\n<script type=\"application\/ld+json\" class=\"yoast-schema-graph\">{\"@context\":\"https:\\\/\\\/schema.org\",\"@graph\":[{\"@type\":\"WebPage\",\"@id\":\"https:\\\/\\\/www.au-pair.com\\\/ru\\\/%d0%bf%d0%be%d0%bb%d0%b8%d1%82%d0%b8%d0%ba%d0%b0-%d0%ba%d0%be%d0%bd%d1%84%d0%b8%d0%b4%d0%b5%d0%bd%d1%86%d0%b8%d0%b0%d0%bb%d1%8c%d0%bd%d0%be%d1%81%d1%82%d0%b8\\\/\",\"url\":\"https:\\\/\\\/www.au-pair.com\\\/ru\\\/%d0%bf%d0%be%d0%bb%d0%b8%d1%82%d0%b8%d0%ba%d0%b0-%d0%ba%d0%be%d0%bd%d1%84%d0%b8%d0%b4%d0%b5%d0%bd%d1%86%d0%b8%d0%b0%d0%bb%d1%8c%d0%bd%d0%be%d1%81%d1%82%d0%b8\\\/\",\"name\":\"Datenschutzerkl\u00e4rung - MultiKultur e.K.\",\"isPartOf\":{\"@id\":\"https:\\\/\\\/www.au-pair.com\\\/ru\\\/#website\"},\"datePublished\":\"2025-04-22T05:34:02+00:00\",\"dateModified\":\"2025-05-21T08:35:08+00:00\",\"description\":\"Du m\u00f6chtest wissen, was mit deinen Daten passiert? Kein Problem! Deine Au-Pair Agentur MultiKultur e.K. erkl\u00e4rt dir alles in ihrer Datenschutzerkl\u00e4rung.\",\"breadcrumb\":{\"@id\":\"https:\\\/\\\/www.au-pair.com\\\/ru\\\/%d0%bf%d0%be%d0%bb%d0%b8%d1%82%d0%b8%d0%ba%d0%b0-%d0%ba%d0%be%d0%bd%d1%84%d0%b8%d0%b4%d0%b5%d0%bd%d1%86%d0%b8%d0%b0%d0%bb%d1%8c%d0%bd%d0%be%d1%81%d1%82%d0%b8\\\/#breadcrumb\"},\"inLanguage\":\"ru-RU\",\"potentialAction\":[{\"@type\":\"ReadAction\",\"target\":[\"https:\\\/\\\/www.au-pair.com\\\/ru\\\/%d0%bf%d0%be%d0%bb%d0%b8%d1%82%d0%b8%d0%ba%d0%b0-%d0%ba%d0%be%d0%bd%d1%84%d0%b8%d0%b4%d0%b5%d0%bd%d1%86%d0%b8%d0%b0%d0%bb%d1%8c%d0%bd%d0%be%d1%81%d1%82%d0%b8\\\/\"]}]},{\"@type\":\"BreadcrumbList\",\"@id\":\"https:\\\/\\\/www.au-pair.com\\\/ru\\\/%d0%bf%d0%be%d0%bb%d0%b8%d1%82%d0%b8%d0%ba%d0%b0-%d0%ba%d0%be%d0%bd%d1%84%d0%b8%d0%b4%d0%b5%d0%bd%d1%86%d0%b8%d0%b0%d0%bb%d1%8c%d0%bd%d0%be%d1%81%d1%82%d0%b8\\\/#breadcrumb\",\"itemListElement\":[{\"@type\":\"ListItem\",\"position\":1,\"name\":\"Startseite\",\"item\":\"https:\\\/\\\/www.au-pair.com\\\/ru\\\/\"},{\"@type\":\"ListItem\",\"position\":2,\"name\":\"\u041f\u043e\u043b\u0438\u0442\u0438\u043a\u0430 \u043a\u043e\u043d\u0444\u0438\u0434\u0435\u043d\u0446\u0438\u0430\u043b\u044c\u043d\u043e\u0441\u0442\u0438\"}]},{\"@type\":\"WebSite\",\"@id\":\"https:\\\/\\\/www.au-pair.com\\\/ru\\\/#website\",\"url\":\"https:\\\/\\\/www.au-pair.com\\\/ru\\\/\",\"name\":\"au-pair\",\"description\":\"\",\"publisher\":{\"@id\":\"https:\\\/\\\/www.au-pair.com\\\/ru\\\/#organization\"},\"potentialAction\":[{\"@type\":\"SearchAction\",\"target\":{\"@type\":\"EntryPoint\",\"urlTemplate\":\"https:\\\/\\\/www.au-pair.com\\\/ru\\\/?s={search_term_string}\"},\"query-input\":{\"@type\":\"PropertyValueSpecification\",\"valueRequired\":true,\"valueName\":\"search_term_string\"}}],\"inLanguage\":\"ru-RU\"},{\"@type\":\"Organization\",\"@id\":\"https:\\\/\\\/www.au-pair.com\\\/ru\\\/#organization\",\"name\":\"au-pair\",\"url\":\"https:\\\/\\\/www.au-pair.com\\\/ru\\\/\",\"logo\":{\"@type\":\"ImageObject\",\"inLanguage\":\"ru-RU\",\"@id\":\"https:\\\/\\\/www.au-pair.com\\\/ru\\\/#\\\/schema\\\/logo\\\/image\\\/\",\"url\":\"https:\\\/\\\/www.au-pair.com\\\/wp-content\\\/uploads\\\/2025\\\/04\\\/Au-Pair.png\",\"contentUrl\":\"https:\\\/\\\/www.au-pair.com\\\/wp-content\\\/uploads\\\/2025\\\/04\\\/Au-Pair.png\",\"width\":910,\"height\":164,\"caption\":\"au-pair\"},\"image\":{\"@id\":\"https:\\\/\\\/www.au-pair.com\\\/ru\\\/#\\\/schema\\\/logo\\\/image\\\/\"}}]}<\/script>\n<!-- \/ Yoast SEO Premium plugin. -->","yoast_head_json":{"title":"Datenschutzerkl\u00e4rung - MultiKultur e.K.","description":"Du m\u00f6chtest wissen, was mit deinen Daten passiert? Kein Problem! Deine Au-Pair Agentur MultiKultur e.K. erkl\u00e4rt dir alles in ihrer Datenschutzerkl\u00e4rung.","robots":{"index":"index","follow":"follow","max-snippet":"max-snippet:-1","max-image-preview":"max-image-preview:large","max-video-preview":"max-video-preview:-1"},"canonical":"https:\/\/www.au-pair.com\/ru\/%d0%bf%d0%be%d0%bb%d0%b8%d1%82%d0%b8%d0%ba%d0%b0-%d0%ba%d0%be%d0%bd%d1%84%d0%b8%d0%b4%d0%b5%d0%bd%d1%86%d0%b8%d0%b0%d0%bb%d1%8c%d0%bd%d0%be%d1%81%d1%82%d0%b8\/","og_locale":"ru_RU","og_type":"article","og_title":"\u041f\u043e\u043b\u0438\u0442\u0438\u043a\u0430 \u043a\u043e\u043d\u0444\u0438\u0434\u0435\u043d\u0446\u0438\u0430\u043b\u044c\u043d\u043e\u0441\u0442\u0438","og_description":"Du m\u00f6chtest wissen, was mit deinen Daten passiert? Kein Problem! Deine Au-Pair Agentur MultiKultur e.K. erkl\u00e4rt dir alles in ihrer Datenschutzerkl\u00e4rung.","og_url":"https:\/\/www.au-pair.com\/ru\/%d0%bf%d0%be%d0%bb%d0%b8%d1%82%d0%b8%d0%ba%d0%b0-%d0%ba%d0%be%d0%bd%d1%84%d0%b8%d0%b4%d0%b5%d0%bd%d1%86%d0%b8%d0%b0%d0%bb%d1%8c%d0%bd%d0%be%d1%81%d1%82%d0%b8\/","og_site_name":"au-pair","article_modified_time":"2025-05-21T08:35:08+00:00","twitter_card":"summary_large_image","schema":{"@context":"https:\/\/schema.org","@graph":[{"@type":"WebPage","@id":"https:\/\/www.au-pair.com\/ru\/%d0%bf%d0%be%d0%bb%d0%b8%d1%82%d0%b8%d0%ba%d0%b0-%d0%ba%d0%be%d0%bd%d1%84%d0%b8%d0%b4%d0%b5%d0%bd%d1%86%d0%b8%d0%b0%d0%bb%d1%8c%d0%bd%d0%be%d1%81%d1%82%d0%b8\/","url":"https:\/\/www.au-pair.com\/ru\/%d0%bf%d0%be%d0%bb%d0%b8%d1%82%d0%b8%d0%ba%d0%b0-%d0%ba%d0%be%d0%bd%d1%84%d0%b8%d0%b4%d0%b5%d0%bd%d1%86%d0%b8%d0%b0%d0%bb%d1%8c%d0%bd%d0%be%d1%81%d1%82%d0%b8\/","name":"Datenschutzerkl\u00e4rung - MultiKultur e.K.","isPartOf":{"@id":"https:\/\/www.au-pair.com\/ru\/#website"},"datePublished":"2025-04-22T05:34:02+00:00","dateModified":"2025-05-21T08:35:08+00:00","description":"Du m\u00f6chtest wissen, was mit deinen Daten passiert? Kein Problem! Deine Au-Pair Agentur MultiKultur e.K. erkl\u00e4rt dir alles in ihrer Datenschutzerkl\u00e4rung.","breadcrumb":{"@id":"https:\/\/www.au-pair.com\/ru\/%d0%bf%d0%be%d0%bb%d0%b8%d1%82%d0%b8%d0%ba%d0%b0-%d0%ba%d0%be%d0%bd%d1%84%d0%b8%d0%b4%d0%b5%d0%bd%d1%86%d0%b8%d0%b0%d0%bb%d1%8c%d0%bd%d0%be%d1%81%d1%82%d0%b8\/#breadcrumb"},"inLanguage":"ru-RU","potentialAction":[{"@type":"ReadAction","target":["https:\/\/www.au-pair.com\/ru\/%d0%bf%d0%be%d0%bb%d0%b8%d1%82%d0%b8%d0%ba%d0%b0-%d0%ba%d0%be%d0%bd%d1%84%d0%b8%d0%b4%d0%b5%d0%bd%d1%86%d0%b8%d0%b0%d0%bb%d1%8c%d0%bd%d0%be%d1%81%d1%82%d0%b8\/"]}]},{"@type":"BreadcrumbList","@id":"https:\/\/www.au-pair.com\/ru\/%d0%bf%d0%be%d0%bb%d0%b8%d1%82%d0%b8%d0%ba%d0%b0-%d0%ba%d0%be%d0%bd%d1%84%d0%b8%d0%b4%d0%b5%d0%bd%d1%86%d0%b8%d0%b0%d0%bb%d1%8c%d0%bd%d0%be%d1%81%d1%82%d0%b8\/#breadcrumb","itemListElement":[{"@type":"ListItem","position":1,"name":"Startseite","item":"https:\/\/www.au-pair.com\/ru\/"},{"@type":"ListItem","position":2,"name":"\u041f\u043e\u043b\u0438\u0442\u0438\u043a\u0430 \u043a\u043e\u043d\u0444\u0438\u0434\u0435\u043d\u0446\u0438\u0430\u043b\u044c\u043d\u043e\u0441\u0442\u0438"}]},{"@type":"WebSite","@id":"https:\/\/www.au-pair.com\/ru\/#website","url":"https:\/\/www.au-pair.com\/ru\/","name":"au-pair","description":"","publisher":{"@id":"https:\/\/www.au-pair.com\/ru\/#organization"},"potentialAction":[{"@type":"SearchAction","target":{"@type":"EntryPoint","urlTemplate":"https:\/\/www.au-pair.com\/ru\/?s={search_term_string}"},"query-input":{"@type":"PropertyValueSpecification","valueRequired":true,"valueName":"search_term_string"}}],"inLanguage":"ru-RU"},{"@type":"Organization","@id":"https:\/\/www.au-pair.com\/ru\/#organization","name":"au-pair","url":"https:\/\/www.au-pair.com\/ru\/","logo":{"@type":"ImageObject","inLanguage":"ru-RU","@id":"https:\/\/www.au-pair.com\/ru\/#\/schema\/logo\/image\/","url":"https:\/\/www.au-pair.com\/wp-content\/uploads\/2025\/04\/Au-Pair.png","contentUrl":"https:\/\/www.au-pair.com\/wp-content\/uploads\/2025\/04\/Au-Pair.png","width":910,"height":164,"caption":"au-pair"},"image":{"@id":"https:\/\/www.au-pair.com\/ru\/#\/schema\/logo\/image\/"}}]}},"_links":{"self":[{"href":"https:\/\/www.au-pair.com\/ru\/wp-json\/wp\/v2\/pages\/1486","targetHints":{"allow":["GET"]}}],"collection":[{"href":"https:\/\/www.au-pair.com\/ru\/wp-json\/wp\/v2\/pages"}],"about":[{"href":"https:\/\/www.au-pair.com\/ru\/wp-json\/wp\/v2\/types\/page"}],"author":[{"embeddable":true,"href":"https:\/\/www.au-pair.com\/ru\/wp-json\/wp\/v2\/users\/1"}],"replies":[{"embeddable":true,"href":"https:\/\/www.au-pair.com\/ru\/wp-json\/wp\/v2\/comments?post=1486"}],"version-history":[{"count":24,"href":"https:\/\/www.au-pair.com\/ru\/wp-json\/wp\/v2\/pages\/1486\/revisions"}],"predecessor-version":[{"id":6259,"href":"https:\/\/www.au-pair.com\/ru\/wp-json\/wp\/v2\/pages\/1486\/revisions\/6259"}],"wp:attachment":[{"href":"https:\/\/www.au-pair.com\/ru\/wp-json\/wp\/v2\/media?parent=1486"}],"curies":[{"name":"wp","href":"https:\/\/api.w.org\/{rel}","templated":true}]}}